{"id":841,"date":"2025-05-15T18:12:30","date_gmt":"2025-05-15T16:12:30","guid":{"rendered":"https:\/\/letsdrunch.com\/about\/"},"modified":"2025-07-01T05:09:23","modified_gmt":"2025-07-01T03:09:23","slug":"es-sobre-nosotros","status":"publish","type":"page","link":"https:\/\/letsdrunch.com\/es\/es-sobre-nosotros\/","title":{"rendered":"Sobre Nosotros"},"content":{"rendered":"","protected":false},"excerpt":{"rendered":"","protected":false},"author":1,"featured_media":0,"parent":0,"menu_order":0,"comment_status":"closed","ping_status":"closed","template":"","meta":{"_acf_changed":false,"footnotes":""},"class_list":["post-841","page","type-page","status-publish","hentry"],"acf":[],"yoast_head":"<!-- This site is optimized with the Yoast SEO plugin v25.4 - https:\/\/yoast.com\/wordpress\/plugins\/seo\/ -->\n<title>Agencia de Eventos, Bodas &amp; Eventos Corporativos | Lets Drunch<\/title>\n<meta name=\"description\" content=\"Organizamos bodas de destino, eventos corporativos y fiestas privadas de lujo. Con 20 a\u00f1os de experiencia creando momentos \u00fanicos en Espa\u00f1a y el Caribe.\" \/>\n<meta name=\"robots\" content=\"index, follow, max-snippet:-1, max-image-preview:large, max-video-preview:-1\" \/>\n<link rel=\"canonical\" href=\"https:\/\/letsdrunch.com\/es\/es-sobre-nosotros\/\" \/>\n<meta property=\"og:locale\" content=\"es_ES\" \/>\n<meta property=\"og:type\" content=\"article\" \/>\n<meta property=\"og:title\" content=\"Agencia de Eventos, Bodas &amp; Eventos Corporativos | Lets Drunch\" \/>\n<meta property=\"og:description\" content=\"Organizamos bodas de destino, eventos corporativos y fiestas privadas de lujo. Con 20 a\u00f1os de experiencia creando momentos \u00fanicos en Espa\u00f1a y el Caribe.\" \/>\n<meta property=\"og:url\" content=\"https:\/\/letsdrunch.com\/es\/es-sobre-nosotros\/\" \/>\n<meta property=\"og:site_name\" content=\"Let&#039;s Drunch\" \/>\n<meta property=\"article:publisher\" content=\"https:\/\/www.facebook.com\/letsdrunch\" \/>\n<meta property=\"article:modified_time\" content=\"2025-07-01T03:09:23+00:00\" \/>\n<meta name=\"twitter:card\" content=\"summary_large_image\" \/>\n<script type=\"application\/ld+json\" class=\"yoast-schema-graph\">{\"@context\":\"https:\/\/schema.org\",\"@graph\":[{\"@type\":\"WebPage\",\"@id\":\"https:\/\/letsdrunch.com\/es\/es-sobre-nosotros\/\",\"url\":\"https:\/\/letsdrunch.com\/es\/es-sobre-nosotros\/\",\"name\":\"Agencia de Eventos, Bodas & Eventos Corporativos | Lets Drunch\",\"isPartOf\":{\"@id\":\"https:\/\/letsdrunch.com\/es\/#website\"},\"datePublished\":\"2025-05-15T16:12:30+00:00\",\"dateModified\":\"2025-07-01T03:09:23+00:00\",\"description\":\"Organizamos bodas de destino, eventos corporativos y fiestas privadas de lujo. Con 20 a\u00f1os de experiencia creando momentos \u00fanicos en Espa\u00f1a y el Caribe.\",\"breadcrumb\":{\"@id\":\"https:\/\/letsdrunch.com\/es\/es-sobre-nosotros\/#breadcrumb\"},\"inLanguage\":\"es\",\"potentialAction\":[{\"@type\":\"ReadAction\",\"target\":[\"https:\/\/letsdrunch.com\/es\/es-sobre-nosotros\/\"]}]},{\"@type\":\"BreadcrumbList\",\"@id\":\"https:\/\/letsdrunch.com\/es\/es-sobre-nosotros\/#breadcrumb\",\"itemListElement\":[{\"@type\":\"ListItem\",\"position\":1,\"name\":\"Home\",\"item\":\"https:\/\/letsdrunch.com\/es\/\"},{\"@type\":\"ListItem\",\"position\":2,\"name\":\"Sobre Nosotros\"}]},{\"@type\":\"WebSite\",\"@id\":\"https:\/\/letsdrunch.com\/es\/#website\",\"url\":\"https:\/\/letsdrunch.com\/es\/\",\"name\":\"Let's Drunch\",\"description\":\"Luxury Events Company\",\"potentialAction\":[{\"@type\":\"SearchAction\",\"target\":{\"@type\":\"EntryPoint\",\"urlTemplate\":\"https:\/\/letsdrunch.com\/es\/?s={search_term_string}\"},\"query-input\":{\"@type\":\"PropertyValueSpecification\",\"valueRequired\":true,\"valueName\":\"search_term_string\"}}],\"inLanguage\":\"es\"}]}<\/script>\n<!-- \/ Yoast SEO plugin. -->","yoast_head_json":{"title":"Agencia de Eventos, Bodas & Eventos Corporativos | Lets Drunch","description":"Organizamos bodas de destino, eventos corporativos y fiestas privadas de lujo. Con 20 a\u00f1os de experiencia creando momentos \u00fanicos en Espa\u00f1a y el Caribe.","robots":{"index":"index","follow":"follow","max-snippet":"max-snippet:-1","max-image-preview":"max-image-preview:large","max-video-preview":"max-video-preview:-1"},"canonical":"https:\/\/letsdrunch.com\/es\/es-sobre-nosotros\/","og_locale":"es_ES","og_type":"article","og_title":"Agencia de Eventos, Bodas & Eventos Corporativos | Lets Drunch","og_description":"Organizamos bodas de destino, eventos corporativos y fiestas privadas de lujo. Con 20 a\u00f1os de experiencia creando momentos \u00fanicos en Espa\u00f1a y el Caribe.","og_url":"https:\/\/letsdrunch.com\/es\/es-sobre-nosotros\/","og_site_name":"Let's Drunch","article_publisher":"https:\/\/www.facebook.com\/letsdrunch","article_modified_time":"2025-07-01T03:09:23+00:00","twitter_card":"summary_large_image","schema":{"@context":"https:\/\/schema.org","@graph":[{"@type":"WebPage","@id":"https:\/\/letsdrunch.com\/es\/es-sobre-nosotros\/","url":"https:\/\/letsdrunch.com\/es\/es-sobre-nosotros\/","name":"Agencia de Eventos, Bodas & Eventos Corporativos | Lets Drunch","isPartOf":{"@id":"https:\/\/letsdrunch.com\/es\/#website"},"datePublished":"2025-05-15T16:12:30+00:00","dateModified":"2025-07-01T03:09:23+00:00","description":"Organizamos bodas de destino, eventos corporativos y fiestas privadas de lujo. Con 20 a\u00f1os de experiencia creando momentos \u00fanicos en Espa\u00f1a y el Caribe.","breadcrumb":{"@id":"https:\/\/letsdrunch.com\/es\/es-sobre-nosotros\/#breadcrumb"},"inLanguage":"es","potentialAction":[{"@type":"ReadAction","target":["https:\/\/letsdrunch.com\/es\/es-sobre-nosotros\/"]}]},{"@type":"BreadcrumbList","@id":"https:\/\/letsdrunch.com\/es\/es-sobre-nosotros\/#breadcrumb","itemListElement":[{"@type":"ListItem","position":1,"name":"Home","item":"https:\/\/letsdrunch.com\/es\/"},{"@type":"ListItem","position":2,"name":"Sobre Nosotros"}]},{"@type":"WebSite","@id":"https:\/\/letsdrunch.com\/es\/#website","url":"https:\/\/letsdrunch.com\/es\/","name":"Let's Drunch","description":"Luxury Events Company","potentialAction":[{"@type":"SearchAction","target":{"@type":"EntryPoint","urlTemplate":"https:\/\/letsdrunch.com\/es\/?s={search_term_string}"},"query-input":{"@type":"PropertyValueSpecification","valueRequired":true,"valueName":"search_term_string"}}],"inLanguage":"es"}]}},"_links":{"self":[{"href":"https:\/\/letsdrunch.com\/es\/wp-json\/wp\/v2\/pages\/841","targetHints":{"allow":["GET"]}}],"collection":[{"href":"https:\/\/letsdrunch.com\/es\/wp-json\/wp\/v2\/pages"}],"about":[{"href":"https:\/\/letsdrunch.com\/es\/wp-json\/wp\/v2\/types\/page"}],"author":[{"embeddable":true,"href":"https:\/\/letsdrunch.com\/es\/wp-json\/wp\/v2\/users\/1"}],"replies":[{"embeddable":true,"href":"https:\/\/letsdrunch.com\/es\/wp-json\/wp\/v2\/comments?post=841"}],"version-history":[{"count":3,"href":"https:\/\/letsdrunch.com\/es\/wp-json\/wp\/v2\/pages\/841\/revisions"}],"predecessor-version":[{"id":1099,"href":"https:\/\/letsdrunch.com\/es\/wp-json\/wp\/v2\/pages\/841\/revisions\/1099"}],"wp:attachment":[{"href":"https:\/\/letsdrunch.com\/es\/wp-json\/wp\/v2\/media?parent=841"}],"curies":[{"name":"wp","href":"https:\/\/api.w.org\/{rel}","templated":true}]}}