{"id":843,"date":"2025-05-15T18:14:21","date_gmt":"2025-05-15T16:14:21","guid":{"rendered":"https:\/\/letsdrunch.com\/contact\/"},"modified":"2025-07-01T05:08:04","modified_gmt":"2025-07-01T03:08:04","slug":"es-contacto","status":"publish","type":"page","link":"https:\/\/letsdrunch.com\/es\/es-contacto\/","title":{"rendered":"Contact"},"content":{"rendered":"\n<p class=\"contact__form--intro\"><\/p>\n\n\n\n<p><\/p>\n","protected":false},"excerpt":{"rendered":"","protected":false},"author":1,"featured_media":976,"parent":0,"menu_order":0,"comment_status":"closed","ping_status":"closed","template":"","meta":{"_acf_changed":false,"footnotes":""},"class_list":["post-843","page","type-page","status-publish","has-post-thumbnail","hentry"],"acf":[],"yoast_head":"<!-- This site is optimized with the Yoast SEO plugin v25.4 - https:\/\/yoast.com\/wordpress\/plugins\/seo\/ -->\n<title>Cont\u00e1ctanos | Let&#039;s Drunch<\/title>\n<meta name=\"description\" content=\"Comparte tu visi\u00f3n con nuestros especialistas y la transformaremos en una celebraci\u00f3n inolvidable, hecha a tu medida. Ponte en contacto hoy mismo.\" \/>\n<meta name=\"robots\" content=\"index, follow, max-snippet:-1, max-image-preview:large, max-video-preview:-1\" \/>\n<link rel=\"canonical\" href=\"https:\/\/letsdrunch.com\/es\/es-contacto\/\" \/>\n<meta property=\"og:locale\" content=\"es_ES\" \/>\n<meta property=\"og:type\" content=\"article\" \/>\n<meta property=\"og:title\" content=\"Cont\u00e1ctanos | Let&#039;s Drunch\" \/>\n<meta property=\"og:description\" content=\"Comparte tu visi\u00f3n con nuestros especialistas y la transformaremos en una celebraci\u00f3n inolvidable, hecha a tu medida. Ponte en contacto hoy mismo.\" \/>\n<meta property=\"og:url\" content=\"https:\/\/letsdrunch.com\/es\/es-contacto\/\" \/>\n<meta property=\"og:site_name\" content=\"Let&#039;s Drunch\" \/>\n<meta property=\"article:publisher\" content=\"https:\/\/www.facebook.com\/letsdrunch\" \/>\n<meta property=\"article:modified_time\" content=\"2025-07-01T03:08:04+00:00\" \/>\n<meta property=\"og:image\" content=\"https:\/\/letsdrunch.com\/wp-content\/uploads\/2025\/06\/ledtsdrunch-contact-web.png\" \/>\n\t<meta property=\"og:image:width\" content=\"815\" \/>\n\t<meta property=\"og:image:height\" content=\"1045\" \/>\n\t<meta property=\"og:image:type\" content=\"image\/png\" \/>\n<meta name=\"twitter:card\" content=\"summary_large_image\" \/>\n<meta name=\"twitter:label1\" content=\"Tiempo de lectura\" \/>\n\t<meta name=\"twitter:data1\" content=\"1 minuto\" \/>\n<script type=\"application\/ld+json\" class=\"yoast-schema-graph\">{\"@context\":\"https:\/\/schema.org\",\"@graph\":[{\"@type\":\"WebPage\",\"@id\":\"https:\/\/letsdrunch.com\/es\/es-contacto\/\",\"url\":\"https:\/\/letsdrunch.com\/es\/es-contacto\/\",\"name\":\"Cont\u00e1ctanos | Let's Drunch\",\"isPartOf\":{\"@id\":\"https:\/\/letsdrunch.com\/es\/#website\"},\"primaryImageOfPage\":{\"@id\":\"https:\/\/letsdrunch.com\/es\/es-contacto\/#primaryimage\"},\"image\":{\"@id\":\"https:\/\/letsdrunch.com\/es\/es-contacto\/#primaryimage\"},\"thumbnailUrl\":\"https:\/\/letsdrunch.com\/wp-content\/uploads\/2025\/06\/ledtsdrunch-contact-web.png\",\"datePublished\":\"2025-05-15T16:14:21+00:00\",\"dateModified\":\"2025-07-01T03:08:04+00:00\",\"description\":\"Comparte tu visi\u00f3n con nuestros especialistas y la transformaremos en una celebraci\u00f3n inolvidable, hecha a tu medida. Ponte en contacto hoy mismo.\",\"breadcrumb\":{\"@id\":\"https:\/\/letsdrunch.com\/es\/es-contacto\/#breadcrumb\"},\"inLanguage\":\"es\",\"potentialAction\":[{\"@type\":\"ReadAction\",\"target\":[\"https:\/\/letsdrunch.com\/es\/es-contacto\/\"]}]},{\"@type\":\"ImageObject\",\"inLanguage\":\"es\",\"@id\":\"https:\/\/letsdrunch.com\/es\/es-contacto\/#primaryimage\",\"url\":\"https:\/\/letsdrunch.com\/wp-content\/uploads\/2025\/06\/ledtsdrunch-contact-web.png\",\"contentUrl\":\"https:\/\/letsdrunch.com\/wp-content\/uploads\/2025\/06\/ledtsdrunch-contact-web.png\",\"width\":815,\"height\":1045},{\"@type\":\"BreadcrumbList\",\"@id\":\"https:\/\/letsdrunch.com\/es\/es-contacto\/#breadcrumb\",\"itemListElement\":[{\"@type\":\"ListItem\",\"position\":1,\"name\":\"Home\",\"item\":\"https:\/\/letsdrunch.com\/es\/\"},{\"@type\":\"ListItem\",\"position\":2,\"name\":\"Contact\"}]},{\"@type\":\"WebSite\",\"@id\":\"https:\/\/letsdrunch.com\/es\/#website\",\"url\":\"https:\/\/letsdrunch.com\/es\/\",\"name\":\"Let's Drunch\",\"description\":\"Luxury Events Company\",\"potentialAction\":[{\"@type\":\"SearchAction\",\"target\":{\"@type\":\"EntryPoint\",\"urlTemplate\":\"https:\/\/letsdrunch.com\/es\/?s={search_term_string}\"},\"query-input\":{\"@type\":\"PropertyValueSpecification\",\"valueRequired\":true,\"valueName\":\"search_term_string\"}}],\"inLanguage\":\"es\"}]}<\/script>\n<!-- \/ Yoast SEO plugin. -->","yoast_head_json":{"title":"Cont\u00e1ctanos | Let's Drunch","description":"Comparte tu visi\u00f3n con nuestros especialistas y la transformaremos en una celebraci\u00f3n inolvidable, hecha a tu medida. Ponte en contacto hoy mismo.","robots":{"index":"index","follow":"follow","max-snippet":"max-snippet:-1","max-image-preview":"max-image-preview:large","max-video-preview":"max-video-preview:-1"},"canonical":"https:\/\/letsdrunch.com\/es\/es-contacto\/","og_locale":"es_ES","og_type":"article","og_title":"Cont\u00e1ctanos | Let's Drunch","og_description":"Comparte tu visi\u00f3n con nuestros especialistas y la transformaremos en una celebraci\u00f3n inolvidable, hecha a tu medida. Ponte en contacto hoy mismo.","og_url":"https:\/\/letsdrunch.com\/es\/es-contacto\/","og_site_name":"Let's Drunch","article_publisher":"https:\/\/www.facebook.com\/letsdrunch","article_modified_time":"2025-07-01T03:08:04+00:00","og_image":[{"width":815,"height":1045,"url":"https:\/\/letsdrunch.com\/wp-content\/uploads\/2025\/06\/ledtsdrunch-contact-web.png","type":"image\/png"}],"twitter_card":"summary_large_image","twitter_misc":{"Tiempo de lectura":"1 minuto"},"schema":{"@context":"https:\/\/schema.org","@graph":[{"@type":"WebPage","@id":"https:\/\/letsdrunch.com\/es\/es-contacto\/","url":"https:\/\/letsdrunch.com\/es\/es-contacto\/","name":"Cont\u00e1ctanos | Let's Drunch","isPartOf":{"@id":"https:\/\/letsdrunch.com\/es\/#website"},"primaryImageOfPage":{"@id":"https:\/\/letsdrunch.com\/es\/es-contacto\/#primaryimage"},"image":{"@id":"https:\/\/letsdrunch.com\/es\/es-contacto\/#primaryimage"},"thumbnailUrl":"https:\/\/letsdrunch.com\/wp-content\/uploads\/2025\/06\/ledtsdrunch-contact-web.png","datePublished":"2025-05-15T16:14:21+00:00","dateModified":"2025-07-01T03:08:04+00:00","description":"Comparte tu visi\u00f3n con nuestros especialistas y la transformaremos en una celebraci\u00f3n inolvidable, hecha a tu medida. Ponte en contacto hoy mismo.","breadcrumb":{"@id":"https:\/\/letsdrunch.com\/es\/es-contacto\/#breadcrumb"},"inLanguage":"es","potentialAction":[{"@type":"ReadAction","target":["https:\/\/letsdrunch.com\/es\/es-contacto\/"]}]},{"@type":"ImageObject","inLanguage":"es","@id":"https:\/\/letsdrunch.com\/es\/es-contacto\/#primaryimage","url":"https:\/\/letsdrunch.com\/wp-content\/uploads\/2025\/06\/ledtsdrunch-contact-web.png","contentUrl":"https:\/\/letsdrunch.com\/wp-content\/uploads\/2025\/06\/ledtsdrunch-contact-web.png","width":815,"height":1045},{"@type":"BreadcrumbList","@id":"https:\/\/letsdrunch.com\/es\/es-contacto\/#breadcrumb","itemListElement":[{"@type":"ListItem","position":1,"name":"Home","item":"https:\/\/letsdrunch.com\/es\/"},{"@type":"ListItem","position":2,"name":"Contact"}]},{"@type":"WebSite","@id":"https:\/\/letsdrunch.com\/es\/#website","url":"https:\/\/letsdrunch.com\/es\/","name":"Let's Drunch","description":"Luxury Events Company","potentialAction":[{"@type":"SearchAction","target":{"@type":"EntryPoint","urlTemplate":"https:\/\/letsdrunch.com\/es\/?s={search_term_string}"},"query-input":{"@type":"PropertyValueSpecification","valueRequired":true,"valueName":"search_term_string"}}],"inLanguage":"es"}]}},"_links":{"self":[{"href":"https:\/\/letsdrunch.com\/es\/wp-json\/wp\/v2\/pages\/843","targetHints":{"allow":["GET"]}}],"collection":[{"href":"https:\/\/letsdrunch.com\/es\/wp-json\/wp\/v2\/pages"}],"about":[{"href":"https:\/\/letsdrunch.com\/es\/wp-json\/wp\/v2\/types\/page"}],"author":[{"embeddable":true,"href":"https:\/\/letsdrunch.com\/es\/wp-json\/wp\/v2\/users\/1"}],"replies":[{"embeddable":true,"href":"https:\/\/letsdrunch.com\/es\/wp-json\/wp\/v2\/comments?post=843"}],"version-history":[{"count":2,"href":"https:\/\/letsdrunch.com\/es\/wp-json\/wp\/v2\/pages\/843\/revisions"}],"predecessor-version":[{"id":845,"href":"https:\/\/letsdrunch.com\/es\/wp-json\/wp\/v2\/pages\/843\/revisions\/845"}],"wp:featuredmedia":[{"embeddable":true,"href":"https:\/\/letsdrunch.com\/es\/wp-json\/wp\/v2\/media\/976"}],"wp:attachment":[{"href":"https:\/\/letsdrunch.com\/es\/wp-json\/wp\/v2\/media?parent=843"}],"curies":[{"name":"wp","href":"https:\/\/api.w.org\/{rel}","templated":true}]}}